{"id":3096,"date":"2025-11-24T19:18:21","date_gmt":"2025-11-24T19:18:21","guid":{"rendered":"https:\/\/miamivibeslimos.com\/videoclip-y-sesion-de-fotos\/"},"modified":"2025-12-03T23:06:06","modified_gmt":"2025-12-03T23:06:06","slug":"videoclip-y-sesion-de-fotos","status":"publish","type":"page","link":"https:\/\/miamivibeslimos.com\/es\/videoclip-y-sesion-de-fotos\/","title":{"rendered":"Videoclip y sesi\u00f3n de fotos"},"content":{"rendered":"<p>[et_pb_section fb_built=\u00bb1&#8243; _builder_version=\u00bb4.27.4&#8243; _module_preset=\u00bbdefault\u00bb global_colors_info=\u00bb{}\u00bb][et_pb_row _builder_version=\u00bb4.27.4&#8243; _module_preset=\u00bbdefault\u00bb global_colors_info=\u00bb{}\u00bb][et_pb_column type=\u00bb4_4&#8243; _builder_version=\u00bb4.27.4&#8243; _module_preset=\u00bbdefault\u00bb global_colors_info=\u00bb{}\u00bb][et_pb_text _builder_version=\u00bb4.27.4&#8243; _module_preset=\u00bbdefault\u00bb global_colors_info=\u00bb{}\u00bb]<\/p>\n<h1 style=\"text-align: center;\"><strong><span style=\"color: #ffffff;\">CONVIERTE MIAMI EN TU PASARELA<\/span><\/strong><\/h1>\n<p>[\/et_pb_text][\/et_pb_column][\/et_pb_row][et_pb_row column_structure=\u00bb1_2,1_2&#8243; _builder_version=\u00bb4.27.4&#8243; _module_preset=\u00bbdefault\u00bb global_colors_info=\u00bb{}\u00bb][et_pb_column type=\u00bb1_2&#8243; _builder_version=\u00bb4.27.4&#8243; _module_preset=\u00bbdefault\u00bb global_colors_info=\u00bb{}\u00bb][et_pb_nextend_smart_slider_3 slider=\u00bb7&#8243; _builder_version=\u00bb4.27.4&#8243; _module_preset=\u00bbdefault\u00bb global_colors_info=\u00bb{}\u00bb][\/et_pb_nextend_smart_slider_3][\/et_pb_column][et_pb_column type=\u00bb1_2&#8243; _builder_version=\u00bb4.27.4&#8243; _module_preset=\u00bbdefault\u00bb global_colors_info=\u00bb{}\u00bb][et_pb_nextend_smart_slider_3 slider=\u00bb9&#8243; _builder_version=\u00bb4.27.4&#8243; _module_preset=\u00bbdefault\u00bb global_colors_info=\u00bb{}\u00bb][\/et_pb_nextend_smart_slider_3][\/et_pb_column][\/et_pb_row][et_pb_row _builder_version=\u00bb4.27.4&#8243; _module_preset=\u00bbdefault\u00bb width=\u00bb21%\u00bb global_colors_info=\u00bb{}\u00bb][et_pb_column type=\u00bb4_4&#8243; _builder_version=\u00bb4.27.4&#8243; _module_preset=\u00bbdefault\u00bb global_colors_info=\u00bb{}\u00bb][et_pb_video src=\u00bbhttps:\/\/miamivibeslimos.com\/wp-content\/uploads\/2025\/12\/Nicky-Jam.mov\u00bb _builder_version=\u00bb4.27.4&#8243; _module_preset=\u00bbdefault\u00bb global_colors_info=\u00bb{}\u00bb][\/et_pb_video][\/et_pb_column][\/et_pb_row][et_pb_row column_structure=\u00bb1_3,1_3,1_3&#8243; _builder_version=\u00bb4.27.4&#8243; _module_preset=\u00bbdefault\u00bb global_colors_info=\u00bb{}\u00bb][et_pb_column type=\u00bb1_3&#8243; _builder_version=\u00bb4.27.4&#8243; _module_preset=\u00bbdefault\u00bb global_colors_info=\u00bb{}\u00bb][et_pb_nextend_smart_slider_3 slider=\u00bb2&#8243; _builder_version=\u00bb4.27.4&#8243; _module_preset=\u00bbdefault\u00bb global_colors_info=\u00bb{}\u00bb][\/et_pb_nextend_smart_slider_3][et_pb_text _builder_version=\u00bb4.27.4&#8243; _module_preset=\u00bbdefault\u00bb global_colors_info=\u00bb{}\u00bb]<\/p>\n<h3><span style=\"color: #0c71c3;\"><strong>1000 \u20ac\/hora <\/strong><\/span><\/h3>\n<h3><span style=\"color: #0c71c3;\"><strong>M\u00ednimo 2 horas<\/strong><\/span><\/h3>\n<p><em><span style=\"color: #0c71c3;\">No se permite conducir<\/span><\/em><\/p>\n<p><em><span style=\"color: #0c71c3;\">Se requiere un dep\u00f3sito del 50%<\/span><\/em><\/p>\n<p>[\/et_pb_text][\/et_pb_column][et_pb_column type=\u00bb1_3&#8243; _builder_version=\u00bb4.27.4&#8243; _module_preset=\u00bbdefault\u00bb global_colors_info=\u00bb{}\u00bb][et_pb_nextend_smart_slider_3 slider=\u00bb3&#8243; _builder_version=\u00bb4.27.4&#8243; _module_preset=\u00bbdefault\u00bb global_colors_info=\u00bb{}\u00bb][\/et_pb_nextend_smart_slider_3][et_pb_text _builder_version=\u00bb4.27.4&#8243; _module_preset=\u00bbdefault\u00bb global_colors_info=\u00bb{}\u00bb]<\/p>\n<h3><span style=\"color: #0c71c3;\"><strong>400 \u20ac\/hora<\/strong><\/span><\/h3>\n<h3><span style=\"color: #0c71c3;\"><strong>M\u00ednimo 3 horas<\/strong><\/span><\/h3>\n<p><span style=\"color: #0c71c3;\"><em>No se permite conducir<\/em><\/span><\/p>\n<p><span style=\"color: #0c71c3;\"><em>Se requiere un dep\u00f3sito del 50%<\/em><\/span><\/p>\n<p>[\/et_pb_text][\/et_pb_column][et_pb_column type=\u00bb1_3&#8243; _builder_version=\u00bb4.27.4&#8243; _module_preset=\u00bbdefault\u00bb global_colors_info=\u00bb{}\u00bb][et_pb_nextend_smart_slider_3 slider=\u00bb4&#8243; _builder_version=\u00bb4.27.4&#8243; _module_preset=\u00bbdefault\u00bb global_colors_info=\u00bb{}\u00bb][\/et_pb_nextend_smart_slider_3][et_pb_text _builder_version=\u00bb4.27.4&#8243; _module_preset=\u00bbdefault\u00bb global_colors_info=\u00bb{}\u00bb]<\/p>\n<h3><span style=\"color: #0c71c3;\"><strong>400 \u20ac\/hora<\/strong><\/span><\/h3>\n<h3><span style=\"color: #0c71c3;\"><strong>M\u00ednimo 3 horas<\/strong><\/span><\/h3>\n<p><span style=\"color: #0c71c3;\"><em>No se permite conducir<\/em><\/span><\/p>\n<p><span style=\"color: #0c71c3;\"><em>Se requiere un dep\u00f3sito del 50%<\/em><\/span><\/p>\n<p>[\/et_pb_text][\/et_pb_column][\/et_pb_row][et_pb_row _builder_version=\u00bb4.27.4&#8243; _module_preset=\u00bbdefault\u00bb global_colors_info=\u00bb{}\u00bb][et_pb_column type=\u00bb4_4&#8243; _builder_version=\u00bb4.27.4&#8243; _module_preset=\u00bbdefault\u00bb global_colors_info=\u00bb{}\u00bb][et_pb_text _builder_version=\u00bb4.27.4&#8243; _module_preset=\u00bbdefault\u00bb global_colors_info=\u00bb{}\u00bb]<\/p>\n<h4 data-start=\"85\" data-end=\"258\"><span style=\"color: #ffffff; font-size: x-large;\">Miami, \u00bfest\u00e1s listo para acaparar la atenci\u00f3n?<\/span><\/h4>\n<p><span style=\"color: #ffffff; font-size: x-large;\">Haz que todos se giren y adu\u00e9\u00f1ate de la ciudad con nuestra flota de lujo, creada para influencers, creadores de contenido y cualquiera que viva la vida a lo grande. <\/span><\/p>\n<p><span style=\"color: #ffffff; font-size: x-large;\">Posa con un Rolls Royce, un Lamborghini o cualquiera de nuestros coches ex\u00f3ticos en los escenarios m\u00e1s emblem\u00e1ticos de Miami: las paredes art\u00edsticas de Wynwood, las puestas de sol de South Beach, las luces de Brickell City o tu propio lugar secreto. <\/span><\/p>\n<p><span style=\"color: #ffffff; font-size: x-large;\">Perfecto para bodas, cumplea\u00f1os, compromisos, v\u00eddeos musicales, sesiones de contenido o cualquier momento que quieras que sea inolvidable. <\/span><\/p>\n<p><span style=\"color: #ffffff; font-size: x-large;\">Parece famoso. Si\u00e9ntete audaz. Vive Miami.   <\/span><\/p>\n<p><span style=\"color: #ffffff; font-size: x-large;\">Reserva la sesi\u00f3n de fotos de tus sue\u00f1os y deja que la ciudad se enamore de ti. <\/span><\/p>\n<h4 data-start=\"596\" data-end=\"709\"><\/h4>\n<p>[\/et_pb_text][\/et_pb_column][\/et_pb_row][\/et_pb_section][et_pb_section fb_built=\u00bb1&#8243; _builder_version=\u00bb4.27.4&#8243; _module_preset=\u00bbdefault\u00bb global_colors_info=\u00bb{}\u00bb][et_pb_row _builder_version=\u00bb4.27.4&#8243; _module_preset=\u00bbdefault\u00bb background_color=\u00bb#0C71C3&#8243; border_radii=\u00bbon|30px|30px|30px|30px\u00bb border_width_all=\u00bb20px\u00bb border_color_all=\u00bb#0C71C3&#8243; global_colors_info=\u00bb{}\u00bb][et_pb_column type=\u00bb4_4&#8243; _builder_version=\u00bb4.27.4&#8243; _module_preset=\u00bbdefault\u00bb global_colors_info=\u00bb{}\u00bb][wpforms_selector form_id=\u00bb2546&#8243; show_title=\u00bbon\u00bb _builder_version=\u00bb4.27.4&#8243; _module_preset=\u00bbdefault\u00bb global_colors_info=\u00bb{}\u00bb][\/wpforms_selector][\/et_pb_column][\/et_pb_row][\/et_pb_section]<\/p>\n","protected":false},"excerpt":{"rendered":"<p>CONVIERTE MIAMI EN TU PASARELA1000 \u20ac\/hora M\u00ednimo 2 horas No se permite conducir Se requiere un dep\u00f3sito del 50%400 \u20ac\/hora M\u00ednimo 3 horas No se permite conducir Se requiere un dep\u00f3sito del 50%400 \u20ac\/hora M\u00ednimo 3 horas No se permite conducir Se requiere un dep\u00f3sito del 50%Miami, \u00bfest\u00e1s listo para acaparar la atenci\u00f3n? Haz que [&hellip;]<\/p>\n","protected":false},"author":2,"featured_media":0,"parent":0,"menu_order":0,"comment_status":"closed","ping_status":"closed","template":"","meta":{"_et_pb_use_builder":"on","_et_pb_old_content":"","_et_gb_content_width":"","_coblocks_attr":"","_coblocks_dimensions":"","_coblocks_responsive_height":"","_coblocks_accordion_ie_support":"","footnotes":""},"class_list":["post-3096","page","type-page","status-publish","hentry"],"yoast_head":"<!-- This site is optimized with the Yoast SEO plugin v27.4 - https:\/\/yoast.com\/product\/yoast-seo-wordpress\/ -->\n<title>Videoclip y sesi\u00f3n de fotos - Miami Vibes Limos<\/title>\n<meta name=\"robots\" content=\"index, follow, max-snippet:-1, max-image-preview:large, max-video-preview:-1\" \/>\n<link rel=\"canonical\" href=\"https:\/\/miamivibeslimos.com\/es\/videoclip-y-sesion-de-fotos\/\" \/>\n<meta property=\"og:locale\" content=\"es_ES\" \/>\n<meta property=\"og:type\" content=\"article\" \/>\n<meta property=\"og:title\" content=\"Videoclip y sesi\u00f3n de fotos - Miami Vibes Limos\" \/>\n<meta property=\"og:description\" content=\"CONVIERTE MIAMI EN TU PASARELA1000 \u20ac\/hora M\u00ednimo 2 horas No se permite conducir Se requiere un dep\u00f3sito del 50%400 \u20ac\/hora M\u00ednimo 3 horas No se permite conducir Se requiere un dep\u00f3sito del 50%400 \u20ac\/hora M\u00ednimo 3 horas No se permite conducir Se requiere un dep\u00f3sito del 50%Miami, \u00bfest\u00e1s listo para acaparar la atenci\u00f3n? Haz que [&hellip;]\" \/>\n<meta property=\"og:url\" content=\"https:\/\/miamivibeslimos.com\/es\/videoclip-y-sesion-de-fotos\/\" \/>\n<meta property=\"og:site_name\" content=\"Miami Vibes Limos\" \/>\n<meta property=\"article:modified_time\" content=\"2025-12-03T23:06:06+00:00\" \/>\n<meta property=\"og:image\" content=\"https:\/\/miamivibeslimos.com\/wp-content\/uploads\/2025\/11\/Miami-Vibes-Limos-Logo-REVISED.png\" \/>\n\t<meta property=\"og:image:width\" content=\"2247\" \/>\n\t<meta property=\"og:image:height\" content=\"2193\" \/>\n\t<meta property=\"og:image:type\" content=\"image\/png\" \/>\n<meta name=\"twitter:card\" content=\"summary_large_image\" \/>\n<meta name=\"twitter:label1\" content=\"Tiempo de lectura\" \/>\n\t<meta name=\"twitter:data1\" content=\"3 minutos\" \/>\n<script type=\"application\/ld+json\" class=\"yoast-schema-graph\">{\"@context\":\"https:\\\/\\\/schema.org\",\"@graph\":[{\"@type\":\"WebPage\",\"@id\":\"https:\\\/\\\/miamivibeslimos.com\\\/es\\\/videoclip-y-sesion-de-fotos\\\/\",\"url\":\"https:\\\/\\\/miamivibeslimos.com\\\/es\\\/videoclip-y-sesion-de-fotos\\\/\",\"name\":\"Videoclip y sesi\u00f3n de fotos - Miami Vibes Limos\",\"isPartOf\":{\"@id\":\"https:\\\/\\\/miamivibeslimos.com\\\/es\\\/#website\"},\"datePublished\":\"2025-11-24T19:18:21+00:00\",\"dateModified\":\"2025-12-03T23:06:06+00:00\",\"breadcrumb\":{\"@id\":\"https:\\\/\\\/miamivibeslimos.com\\\/es\\\/videoclip-y-sesion-de-fotos\\\/#breadcrumb\"},\"inLanguage\":\"es\",\"potentialAction\":[{\"@type\":\"ReadAction\",\"target\":[\"https:\\\/\\\/miamivibeslimos.com\\\/es\\\/videoclip-y-sesion-de-fotos\\\/\"]}]},{\"@type\":\"BreadcrumbList\",\"@id\":\"https:\\\/\\\/miamivibeslimos.com\\\/es\\\/videoclip-y-sesion-de-fotos\\\/#breadcrumb\",\"itemListElement\":[{\"@type\":\"ListItem\",\"position\":1,\"name\":\"Home\",\"item\":\"https:\\\/\\\/miamivibeslimos.com\\\/es\\\/\"},{\"@type\":\"ListItem\",\"position\":2,\"name\":\"Videoclip y sesi\u00f3n de fotos\"}]},{\"@type\":\"WebSite\",\"@id\":\"https:\\\/\\\/miamivibeslimos.com\\\/es\\\/#website\",\"url\":\"https:\\\/\\\/miamivibeslimos.com\\\/es\\\/\",\"name\":\"Miami Vibes Limos\",\"description\":\"\",\"publisher\":{\"@id\":\"https:\\\/\\\/miamivibeslimos.com\\\/es\\\/#organization\"},\"potentialAction\":[{\"@type\":\"SearchAction\",\"target\":{\"@type\":\"EntryPoint\",\"urlTemplate\":\"https:\\\/\\\/miamivibeslimos.com\\\/es\\\/?s={search_term_string}\"},\"query-input\":{\"@type\":\"PropertyValueSpecification\",\"valueRequired\":true,\"valueName\":\"search_term_string\"}}],\"inLanguage\":\"es\"},{\"@type\":\"Organization\",\"@id\":\"https:\\\/\\\/miamivibeslimos.com\\\/es\\\/#organization\",\"name\":\"Miami Vibes Limos\",\"url\":\"https:\\\/\\\/miamivibeslimos.com\\\/es\\\/\",\"logo\":{\"@type\":\"ImageObject\",\"inLanguage\":\"es\",\"@id\":\"https:\\\/\\\/miamivibeslimos.com\\\/es\\\/#\\\/schema\\\/logo\\\/image\\\/\",\"url\":\"https:\\\/\\\/miamivibeslimos.com\\\/wp-content\\\/uploads\\\/2025\\\/11\\\/Miami-Vibes-Limos-Logo-REVISED.png\",\"contentUrl\":\"https:\\\/\\\/miamivibeslimos.com\\\/wp-content\\\/uploads\\\/2025\\\/11\\\/Miami-Vibes-Limos-Logo-REVISED.png\",\"width\":2247,\"height\":2193,\"caption\":\"Miami Vibes Limos\"},\"image\":{\"@id\":\"https:\\\/\\\/miamivibeslimos.com\\\/es\\\/#\\\/schema\\\/logo\\\/image\\\/\"},\"sameAs\":[\"https:\\\/\\\/www.instagram.com\\\/miamivibes_limos\\\/\"]}]}<\/script>\n<!-- \/ Yoast SEO plugin. -->","yoast_head_json":{"title":"Videoclip y sesi\u00f3n de fotos - Miami Vibes Limos","robots":{"index":"index","follow":"follow","max-snippet":"max-snippet:-1","max-image-preview":"max-image-preview:large","max-video-preview":"max-video-preview:-1"},"canonical":"https:\/\/miamivibeslimos.com\/es\/videoclip-y-sesion-de-fotos\/","og_locale":"es_ES","og_type":"article","og_title":"Videoclip y sesi\u00f3n de fotos - Miami Vibes Limos","og_description":"CONVIERTE MIAMI EN TU PASARELA1000 \u20ac\/hora M\u00ednimo 2 horas No se permite conducir Se requiere un dep\u00f3sito del 50%400 \u20ac\/hora M\u00ednimo 3 horas No se permite conducir Se requiere un dep\u00f3sito del 50%400 \u20ac\/hora M\u00ednimo 3 horas No se permite conducir Se requiere un dep\u00f3sito del 50%Miami, \u00bfest\u00e1s listo para acaparar la atenci\u00f3n? Haz que [&hellip;]","og_url":"https:\/\/miamivibeslimos.com\/es\/videoclip-y-sesion-de-fotos\/","og_site_name":"Miami Vibes Limos","article_modified_time":"2025-12-03T23:06:06+00:00","og_image":[{"width":2247,"height":2193,"url":"https:\/\/miamivibeslimos.com\/wp-content\/uploads\/2025\/11\/Miami-Vibes-Limos-Logo-REVISED.png","type":"image\/png"}],"twitter_card":"summary_large_image","twitter_misc":{"Tiempo de lectura":"3 minutos"},"schema":{"@context":"https:\/\/schema.org","@graph":[{"@type":"WebPage","@id":"https:\/\/miamivibeslimos.com\/es\/videoclip-y-sesion-de-fotos\/","url":"https:\/\/miamivibeslimos.com\/es\/videoclip-y-sesion-de-fotos\/","name":"Videoclip y sesi\u00f3n de fotos - Miami Vibes Limos","isPartOf":{"@id":"https:\/\/miamivibeslimos.com\/es\/#website"},"datePublished":"2025-11-24T19:18:21+00:00","dateModified":"2025-12-03T23:06:06+00:00","breadcrumb":{"@id":"https:\/\/miamivibeslimos.com\/es\/videoclip-y-sesion-de-fotos\/#breadcrumb"},"inLanguage":"es","potentialAction":[{"@type":"ReadAction","target":["https:\/\/miamivibeslimos.com\/es\/videoclip-y-sesion-de-fotos\/"]}]},{"@type":"BreadcrumbList","@id":"https:\/\/miamivibeslimos.com\/es\/videoclip-y-sesion-de-fotos\/#breadcrumb","itemListElement":[{"@type":"ListItem","position":1,"name":"Home","item":"https:\/\/miamivibeslimos.com\/es\/"},{"@type":"ListItem","position":2,"name":"Videoclip y sesi\u00f3n de fotos"}]},{"@type":"WebSite","@id":"https:\/\/miamivibeslimos.com\/es\/#website","url":"https:\/\/miamivibeslimos.com\/es\/","name":"Miami Vibes Limos","description":"","publisher":{"@id":"https:\/\/miamivibeslimos.com\/es\/#organization"},"potentialAction":[{"@type":"SearchAction","target":{"@type":"EntryPoint","urlTemplate":"https:\/\/miamivibeslimos.com\/es\/?s={search_term_string}"},"query-input":{"@type":"PropertyValueSpecification","valueRequired":true,"valueName":"search_term_string"}}],"inLanguage":"es"},{"@type":"Organization","@id":"https:\/\/miamivibeslimos.com\/es\/#organization","name":"Miami Vibes Limos","url":"https:\/\/miamivibeslimos.com\/es\/","logo":{"@type":"ImageObject","inLanguage":"es","@id":"https:\/\/miamivibeslimos.com\/es\/#\/schema\/logo\/image\/","url":"https:\/\/miamivibeslimos.com\/wp-content\/uploads\/2025\/11\/Miami-Vibes-Limos-Logo-REVISED.png","contentUrl":"https:\/\/miamivibeslimos.com\/wp-content\/uploads\/2025\/11\/Miami-Vibes-Limos-Logo-REVISED.png","width":2247,"height":2193,"caption":"Miami Vibes Limos"},"image":{"@id":"https:\/\/miamivibeslimos.com\/es\/#\/schema\/logo\/image\/"},"sameAs":["https:\/\/www.instagram.com\/miamivibes_limos\/"]}]}},"_links":{"self":[{"href":"https:\/\/miamivibeslimos.com\/es\/wp-json\/wp\/v2\/pages\/3096","targetHints":{"allow":["GET"]}}],"collection":[{"href":"https:\/\/miamivibeslimos.com\/es\/wp-json\/wp\/v2\/pages"}],"about":[{"href":"https:\/\/miamivibeslimos.com\/es\/wp-json\/wp\/v2\/types\/page"}],"author":[{"embeddable":true,"href":"https:\/\/miamivibeslimos.com\/es\/wp-json\/wp\/v2\/users\/2"}],"replies":[{"embeddable":true,"href":"https:\/\/miamivibeslimos.com\/es\/wp-json\/wp\/v2\/comments?post=3096"}],"version-history":[{"count":3,"href":"https:\/\/miamivibeslimos.com\/es\/wp-json\/wp\/v2\/pages\/3096\/revisions"}],"predecessor-version":[{"id":3163,"href":"https:\/\/miamivibeslimos.com\/es\/wp-json\/wp\/v2\/pages\/3096\/revisions\/3163"}],"wp:attachment":[{"href":"https:\/\/miamivibeslimos.com\/es\/wp-json\/wp\/v2\/media?parent=3096"}],"curies":[{"name":"wp","href":"https:\/\/api.w.org\/{rel}","templated":true}]}}